{"id":2164,"date":"2018-09-03T15:56:46","date_gmt":"2018-09-03T15:56:46","guid":{"rendered":"https:\/\/artistglobalmanagement.com\/?page_id=2164"},"modified":"2026-04-14T19:43:26","modified_gmt":"2026-04-14T19:43:26","slug":"about","status":"publish","type":"page","link":"https:\/\/artistglobalmanagement.com\/en\/about\/","title":{"rendered":"About"},"content":{"rendered":"<div class=\"wpb-content-wrapper\">[vc_row css=&#8221;.vc_custom_1532002717006{margin-top: 160px !important;margin-bottom: 10px !important;}&#8221;][vc_column width=&#8221;2\/3&#8243;][vc_raw_html]JTNDZGl2JTNFJTNDc3BhbiUyMGNsYXNzJTNEJTIybGluZS1zZXAlMjIlM0UlM0MlMkZzcGFuJTNFJTNDc3BhbiUyMGNsYXNzJTNEJTIydHh0LXNlcCUyMiUzRUFHTSUzQyUyRnNwYW4lM0UlM0MlMkZkaXYlM0U=[\/vc_raw_html][\/vc_column][vc_column width=&#8221;1\/3&#8243;][\/vc_column][\/vc_row][vc_row css=&#8221;.vc_custom_1521546365566{margin-top: 10px !important;margin-bottom: 80px !important;}&#8221;][vc_column][vc_column_text css=&#8221;.vc_custom_1574090796010{margin-bottom: 0px !important;}&#8221;]Artist Global Management is an agency that manages careers for audio visual artists working in front of and behind the cameras. A Global Management for Audiovisual Artists.<\/p>\n<p>We manage the career of each of our artists in an integrated but specific and global way. From start to finish. The only way we believe possible.<\/p>\n<p>An artist is a professional with specific skills, unique experience, personal vision, free will, individual desires and pet hates. We understand that cohesion, consistency and honesty are fundamental to each artist, and consequently in every project.<\/p>\n<p>Our vision is to find a working path as adaptable and mutating as life itself.<\/p>\n<p>Here, in the present, but always looking towards the immediate and distant future.<\/p>\n<p>We have no borders, we don\u2019t believe in labels and we go wherever the work takes us.<\/p>\n<p>Because the path is created by creating, just like life.[\/vc_column_text][\/vc_column][\/vc_row][vc_row disable_element=&#8221;yes&#8221; css=&#8221;.vc_custom_1521570969361{margin-top: 80px !important;margin-bottom: 10px !important;}&#8221;][vc_column][vc_raw_html]JTNDZGl2JTNFJTNDc3BhbiUyMGNsYXNzJTNEJTIybGluZS1zZXAlMjIlM0UlM0MlMkZzcGFuJTNFJTNDc3BhbiUyMGNsYXNzJTNEJTIydHh0LXNlcCUyMiUzRSVDMyU4MVJFQSUyMFJFU0VSVkFEQSUzQyUyRnNwYW4lM0UlM0MlMkZkaXYlM0U=[\/vc_raw_html][\/vc_column][\/vc_row][vc_row disable_element=&#8221;yes&#8221; css=&#8221;.vc_custom_1521570975750{margin-top: 10px !important;margin-bottom: 80px !important;}&#8221;][vc_column width=&#8221;2\/3&#8243;][vc_column_text css=&#8221;.vc_custom_1521570185142{margin-bottom: 0px !important;}&#8221;]\n[f04sitelockform]\n[\/vc_column_text][\/vc_column][vc_column width=&#8221;1\/3&#8243;][vc_column_text css=&#8221;.vc_custom_1521570064474{margin-bottom: 0px !important;}&#8221;]Se pretende aceder a conte\u00fados reservados por favor insira a password.<br \/>\nSe n\u00e3o tem a password necess\u00e1ria para aceder, por favor preencha o formul\u00e1rio acima e solicite acesso.[\/vc_column_text][\/vc_column][\/vc_row]\n<\/div>","protected":false},"excerpt":{"rendered":"<p>[vc_row css=&#8221;.vc_custom_1532002717006{margin-top: 160px !important;margin-bottom: 10px !important;}&#8221;][vc_column width=&#8221;2\/3&#8243;][vc_raw_html]JTNDZGl2JTNFJTNDc3BhbiUyMGNsYXNzJTNEJTIybGluZS1zZXAlMjIlM0UlM0MlMkZzcGFuJTNFJTNDc3BhbiUyMGNsYXNzJTNEJTIydHh0LXNlcCUyMiUzRUFHTSUzQyUyRnNwYW4lM0UlM0MlMkZkaXYlM0U=[\/vc_raw_html][\/vc_column][vc_column width=&#8221;1\/3&#8243;][\/vc_column][\/vc_row][vc_row css=&#8221;.vc_custom_1521546365566{margin-top: 10px !important;margin-bottom: 80px !important;}&#8221;][vc_column][vc_column_text css=&#8221;.vc_custom_1574090796010{margin-bottom: 0px !important;}&#8221;]Artist Global Management is an agency that manages careers for audio visual artists working in front of and behind the cameras. A Global Management for Audiovisual Artists. We manage the career of each of our artists in an integrated but [&hellip;]<\/p>\n","protected":false},"author":1,"featured_media":13112,"parent":0,"menu_order":0,"comment_status":"closed","ping_status":"closed","template":"","meta":{"rs_blank_template":"","rs_page_bg_color":"","slide_template_v7":"","wpupg_custom_link":[],"wpupg_custom_link_behaviour":["default"],"wpupg_custom_image":[],"wpupg_custom_image_id":[],"footnotes":""},"class_list":["post-2164","page","type-page","status-publish","has-post-thumbnail","hentry"],"acf":[],"aioseo_notices":[],"_links":{"self":[{"href":"https:\/\/artistglobalmanagement.com\/en\/wp-json\/wp\/v2\/pages\/2164","targetHints":{"allow":["GET"]}}],"collection":[{"href":"https:\/\/artistglobalmanagement.com\/en\/wp-json\/wp\/v2\/pages"}],"about":[{"href":"https:\/\/artistglobalmanagement.com\/en\/wp-json\/wp\/v2\/types\/page"}],"author":[{"embeddable":true,"href":"https:\/\/artistglobalmanagement.com\/en\/wp-json\/wp\/v2\/users\/1"}],"replies":[{"embeddable":true,"href":"https:\/\/artistglobalmanagement.com\/en\/wp-json\/wp\/v2\/comments?post=2164"}],"version-history":[{"count":10,"href":"https:\/\/artistglobalmanagement.com\/en\/wp-json\/wp\/v2\/pages\/2164\/revisions"}],"predecessor-version":[{"id":21379,"href":"https:\/\/artistglobalmanagement.com\/en\/wp-json\/wp\/v2\/pages\/2164\/revisions\/21379"}],"wp:featuredmedia":[{"embeddable":true,"href":"https:\/\/artistglobalmanagement.com\/en\/wp-json\/wp\/v2\/media\/13112"}],"wp:attachment":[{"href":"https:\/\/artistglobalmanagement.com\/en\/wp-json\/wp\/v2\/media?parent=2164"}],"curies":[{"name":"wp","href":"https:\/\/api.w.org\/{rel}","templated":true}]}}