{"id":263,"date":"2018-04-23T13:53:39","date_gmt":"2018-04-23T13:53:39","guid":{"rendered":"https:\/\/artistglobalmanagement.com\/?page_id=263"},"modified":"2026-04-14T19:45:00","modified_gmt":"2026-04-14T19:45:00","slug":"contacts","status":"publish","type":"page","link":"https:\/\/artistglobalmanagement.com\/en\/contacts\/","title":{"rendered":"Contacts"},"content":{"rendered":"<div class=\"wpb-content-wrapper\">[vc_row column_padding=&#8221;0&#8243; css=&#8221;.vc_custom_1776195897561{margin-top: 160px !important;margin-bottom: 10px !important;}&#8221;][vc_column width=&#8221;2\/3&#8243;][vc_raw_html]JTNDZGl2JTNFJTNDc3BhbiUyMGNsYXNzJTNEJTIybGluZS1zZXAlMjIlM0UlM0MlMkZzcGFuJTNFJTNDc3BhbiUyMGNsYXNzJTNEJTIydHh0LXNlcCUyMiUzRUNPTlRBQ1QlMjBVUyUzQyUyRnNwYW4lM0UlM0MlMkZkaXYlM0U=[\/vc_raw_html][\/vc_column][vc_column width=&#8221;1\/3&#8243;][vc_raw_html]JTNDZGl2JTIwY2xhc3MlM0QlMjJidG4tbmV3c2xldHRlciUyMiUzRSUwQVNVQlNDUklCRSUzQ3N0cm9uZyUzRSUyME5FV1NMRVRURVIlM0MlMkZzdHJvbmclM0UlMEElM0MlMkZkaXYlM0U=[\/vc_raw_html][\/vc_column][\/vc_row][vc_row css=&#8221;.vc_custom_1521546365566{margin-top: 10px !important;margin-bottom: 80px !important;}&#8221;][vc_column width=&#8221;2\/3&#8243;]\n<div class=\"wpcf7 no-js\" id=\"wpcf7-f264-o1\" lang=\"pt-PT\" dir=\"ltr\" data-wpcf7-id=\"264\">\n<div class=\"screen-reader-response\"><p role=\"status\" aria-live=\"polite\" aria-atomic=\"true\"><\/p> <ul><\/ul><\/div>\n<form action=\"\/en\/wp-json\/wp\/v2\/pages\/263#wpcf7-f264-o1\" method=\"post\" class=\"wpcf7-form init\" aria-label=\"Formul\u00e1rio de contacto\" novalidate=\"novalidate\" data-status=\"init\">\n<fieldset class=\"hidden-fields-container\"><input type=\"hidden\" name=\"_wpcf7\" value=\"264\" \/><input type=\"hidden\" name=\"_wpcf7_version\" value=\"6.1.5\" \/><input type=\"hidden\" name=\"_wpcf7_locale\" value=\"pt_PT\" \/><input type=\"hidden\" name=\"_wpcf7_unit_tag\" value=\"wpcf7-f264-o1\" \/><input type=\"hidden\" name=\"_wpcf7_container_post\" value=\"0\" \/><input type=\"hidden\" name=\"_wpcf7_posted_data_hash\" value=\"\" \/><input type=\"hidden\" name=\"_wpcf7_recaptcha_response\" value=\"\" \/>\n<\/fieldset>\n<p><label> Your name (required)<br \/>\n<span class=\"wpcf7-form-control-wrap\" data-name=\"your-name\"><input size=\"40\" maxlength=\"400\" class=\"wpcf7-form-control wpcf7-text wpcf7-validates-as-required\" aria-required=\"true\" aria-invalid=\"false\" value=\"\" type=\"text\" name=\"your-name\" \/><\/span> <\/label>\n<\/p>\n<p><label> Your Email (required)<br \/>\n<span class=\"wpcf7-form-control-wrap\" data-name=\"your-email\"><input size=\"40\" maxlength=\"400\" class=\"wpcf7-form-control wpcf7-email wpcf7-validates-as-required wpcf7-text wpcf7-validates-as-email\" aria-required=\"true\" aria-invalid=\"false\" value=\"\" type=\"email\" name=\"your-email\" \/><\/span> <\/label>\n<\/p>\n<p><label> Subject<br \/>\n<span class=\"wpcf7-form-control-wrap\" data-name=\"your-subject\"><input size=\"40\" maxlength=\"400\" class=\"wpcf7-form-control wpcf7-text\" aria-invalid=\"false\" value=\"\" type=\"text\" name=\"your-subject\" \/><\/span> <\/label>\n<\/p>\n<p><label> Your message<br \/>\n<span class=\"wpcf7-form-control-wrap\" data-name=\"your-message\"><textarea cols=\"40\" rows=\"10\" maxlength=\"2000\" class=\"wpcf7-form-control wpcf7-textarea\" aria-invalid=\"false\" name=\"your-message\"><\/textarea><\/span> <\/label>\n<\/p>\n<p><input class=\"wpcf7-form-control wpcf7-submit has-spinner\" type=\"submit\" value=\"Send request for information\" \/>\n<\/p><p style=\"display: none !important;\" class=\"akismet-fields-container\" data-prefix=\"_wpcf7_ak_\"><label>&#916;<textarea name=\"_wpcf7_ak_hp_textarea\" cols=\"45\" rows=\"8\" maxlength=\"100\"><\/textarea><\/label><input type=\"hidden\" id=\"ak_js_1\" name=\"_wpcf7_ak_js\" value=\"75\"\/><script type=\"text\/javascript\">\n\/* <![CDATA[ *\/\ndocument.getElementById( \"ak_js_1\" ).setAttribute( \"value\", ( new Date() ).getTime() );\n\/* ]]> *\/\n<\/script>\n<\/p><input type='hidden' class='wpcf7-pum' value='{\"closepopup\":false,\"closedelay\":0,\"openpopup\":false,\"openpopup_id\":0}' \/><div class=\"wpcf7-response-output\" aria-hidden=\"true\"><\/div>\n<\/form>\n<\/div>\n[\/vc_column][vc_column width=&#8221;1\/3&#8243;][vc_column_text css=&#8221;.vc_custom_1524491839831{margin-bottom: 0px !important;}&#8221;]Would you like to get in touch with AGM?<br \/>\nUse the following form to contact us.<br \/>\nArtist Global Management will contact you as soon as possible.[\/vc_column_text][\/vc_column][\/vc_row][vc_row disable_element=&#8221;yes&#8221; css=&#8221;.vc_custom_1521570969361{margin-top: 80px !important;margin-bottom: 10px !important;}&#8221;][vc_column][vc_raw_html]JTNDZGl2JTNFJTNDc3BhbiUyMGNsYXNzJTNEJTIybGluZS1zZXAlMjIlM0UlM0MlMkZzcGFuJTNFJTNDc3BhbiUyMGNsYXNzJTNEJTIydHh0LXNlcCUyMiUzRSVDMyU4MVJFQSUyMFJFU0VSVkFEQSUzQyUyRnNwYW4lM0UlM0MlMkZkaXYlM0U=[\/vc_raw_html][\/vc_column][\/vc_row][vc_row disable_element=&#8221;yes&#8221; css=&#8221;.vc_custom_1521570975750{margin-top: 10px !important;margin-bottom: 80px !important;}&#8221;][vc_column width=&#8221;2\/3&#8243;][vc_column_text css=&#8221;.vc_custom_1521570185142{margin-bottom: 0px !important;}&#8221;]\n[f04sitelockform]\n[\/vc_column_text][\/vc_column][vc_column width=&#8221;1\/3&#8243;][vc_column_text css=&#8221;.vc_custom_1521570064474{margin-bottom: 0px !important;}&#8221;]Se pretende aceder a conte\u00fados reservados por favor insira a password.<br \/>\nSe n\u00e3o tem a password necess\u00e1ria para aceder, por favor preencha o formul\u00e1rio acima e solicite acesso.[\/vc_column_text][\/vc_column][\/vc_row]\n<\/div>","protected":false},"excerpt":{"rendered":"<p>[vc_row column_padding=&#8221;0&#8243; css=&#8221;.vc_custom_1776195897561{margin-top: 160px !important;margin-bottom: 10px !important;}&#8221;][vc_column width=&#8221;2\/3&#8243;][vc_raw_html]JTNDZGl2JTNFJTNDc3BhbiUyMGNsYXNzJTNEJTIybGluZS1zZXAlMjIlM0UlM0MlMkZzcGFuJTNFJTNDc3BhbiUyMGNsYXNzJTNEJTIydHh0LXNlcCUyMiUzRUNPTlRBQ1QlMjBVUyUzQyUyRnNwYW4lM0UlM0MlMkZkaXYlM0U=[\/vc_raw_html][\/vc_column][vc_column width=&#8221;1\/3&#8243;][vc_raw_html]JTNDZGl2JTIwY2xhc3MlM0QlMjJidG4tbmV3c2xldHRlciUyMiUzRSUwQVNVQlNDUklCRSUzQ3N0cm9uZyUzRSUyME5FV1NMRVRURVIlM0MlMkZzdHJvbmclM0UlMEElM0MlMkZkaXYlM0U=[\/vc_raw_html][\/vc_column][\/vc_row][vc_row css=&#8221;.vc_custom_1521546365566{margin-top: 10px !important;margin-bottom: 80px !important;}&#8221;][vc_column width=&#8221;2\/3&#8243;][\/vc_column][vc_column width=&#8221;1\/3&#8243;][vc_column_text css=&#8221;.vc_custom_1524491839831{margin-bottom: 0px !important;}&#8221;]Would you like to get in touch with AGM? Use the following form to contact us. Artist Global Management will contact you as soon as possible.[\/vc_column_text][\/vc_column][\/vc_row][vc_row disable_element=&#8221;yes&#8221; css=&#8221;.vc_custom_1521570969361{margin-top: 80px !important;margin-bottom: 10px !important;}&#8221;][vc_column][vc_raw_html]JTNDZGl2JTNFJTNDc3BhbiUyMGNsYXNzJTNEJTIybGluZS1zZXAlMjIlM0UlM0MlMkZzcGFuJTNFJTNDc3BhbiUyMGNsYXNzJTNEJTIydHh0LXNlcCUyMiUzRSVDMyU4MVJFQSUyMFJFU0VSVkFEQSUzQyUyRnNwYW4lM0UlM0MlMkZkaXYlM0U=[\/vc_raw_html][\/vc_column][\/vc_row][vc_row disable_element=&#8221;yes&#8221; css=&#8221;.vc_custom_1521570975750{margin-top: 10px !important;margin-bottom: 80px [&hellip;]<\/p>\n","protected":false},"author":1,"featured_media":13112,"parent":0,"menu_order":0,"comment_status":"closed","ping_status":"closed","template":"","meta":{"rs_blank_template":"","rs_page_bg_color":"","slide_template_v7":"","wpupg_custom_link":[],"wpupg_custom_link_behaviour":["default"],"wpupg_custom_image":[],"wpupg_custom_image_id":[],"footnotes":""},"class_list":["post-263","page","type-page","status-publish","has-post-thumbnail","hentry"],"acf":[],"aioseo_notices":[],"_links":{"self":[{"href":"https:\/\/artistglobalmanagement.com\/en\/wp-json\/wp\/v2\/pages\/263","targetHints":{"allow":["GET"]}}],"collection":[{"href":"https:\/\/artistglobalmanagement.com\/en\/wp-json\/wp\/v2\/pages"}],"about":[{"href":"https:\/\/artistglobalmanagement.com\/en\/wp-json\/wp\/v2\/types\/page"}],"author":[{"embeddable":true,"href":"https:\/\/artistglobalmanagement.com\/en\/wp-json\/wp\/v2\/users\/1"}],"replies":[{"embeddable":true,"href":"https:\/\/artistglobalmanagement.com\/en\/wp-json\/wp\/v2\/comments?post=263"}],"version-history":[{"count":7,"href":"https:\/\/artistglobalmanagement.com\/en\/wp-json\/wp\/v2\/pages\/263\/revisions"}],"predecessor-version":[{"id":21382,"href":"https:\/\/artistglobalmanagement.com\/en\/wp-json\/wp\/v2\/pages\/263\/revisions\/21382"}],"wp:featuredmedia":[{"embeddable":true,"href":"https:\/\/artistglobalmanagement.com\/en\/wp-json\/wp\/v2\/media\/13112"}],"wp:attachment":[{"href":"https:\/\/artistglobalmanagement.com\/en\/wp-json\/wp\/v2\/media?parent=263"}],"curies":[{"name":"wp","href":"https:\/\/api.w.org\/{rel}","templated":true}]}}