{"id":6243,"date":"2019-11-15T15:56:12","date_gmt":"2019-11-15T15:56:12","guid":{"rendered":"https:\/\/artistglobalmanagement.com\/?page_id=6243"},"modified":"2020-05-13T16:39:04","modified_gmt":"2020-05-13T16:39:04","slug":"backcamera_directors","status":"publish","type":"page","link":"https:\/\/artistglobalmanagement.com\/en\/backcamera_directors\/","title":{"rendered":"Back Camera &#8211; Direction"},"content":{"rendered":"<div class=\"wpb-content-wrapper\">[vc_row fullwidth=&#8221;true&#8221;][vc_column]\n\t\t\t\t<p class=\"rs-p-wp-fix\"><\/p>\n\t\t\t\t<sr7-module data-alias=\"prof\" data-id=\"5\" id=\"SR7_5_1\" data-version=\"7.0.5.1\">\n\t\t\t\t\t<sr7-adjuster><\/sr7-adjuster>\n\t\t\t\t\t<sr7-content>\n\t\t\t\t\t\t<sr7-slide id=\"SR7_5_1-16\" data-key=\"16\">\n\t\t\t\t\t\t<\/sr7-slide>\n\t\t\t\t\t\t<sr7-slide id=\"SR7_5_1-97\" data-key=\"97\">\n\t\t\t\t\t\t<\/sr7-slide>\n\t\t\t\t\t<\/sr7-content>\n\t\t\t\t<\/sr7-module>\n\t\t\t\t<script>\n\t\t\t\t\twindow.SR7??={}; SR7.PMH ??={}; SR7.PMH[\"SR7_5_1\"] = {cn:100,state:false,fn: function() { if (window._tpt!==undefined && window._tpt.prepareModuleHeight !== undefined) {  _tpt.prepareModuleHeight({id:\"SR7_5_1\",type:'standard',gh:[105,105,105,105,150],gw:[1240,1240,1024,778,480],vpt:['-200px&#039;,&#039;-200px&#039;,&#039;-200px&#039;,&#039;-200px&#039;,&#039;-200px'],size:{fullWidth:false, fullHeight:false},mh:'105px,105px,105px,105px,105px',onh:0,onw:0,bg:{color:'{\"orig\":\"transparent\",\"type\":\"solid\",\"string\":\"transparent\"}'},plType:'0',plColor:'#FFFFFF'});   SR7.PMH[\"SR7_5_1\"].state=true;} else if(SR7.PMH[\"SR7_5_1\"].cn-->0)\tsetTimeout( SR7.PMH[\"SR7_5_1\"].fn,19);}};SR7.PMH[\"SR7_5_1\" ].fn();\n\t\t\t\t<\/script>\n[\/vc_column][\/vc_row][vc_row css=&#8221;.vc_custom_1521557070318{margin-top: 80px !important;margin-bottom: 10px !important;}&#8221;][vc_column][vc_raw_html]JTNDZGl2JTNFJTNDc3BhbiUyMGNsYXNzJTNEJTIybGluZS1zZXAlMjIlM0UlM0MlMkZzcGFuJTNFJTNDc3BhbiUyMGNsYXNzJTNEJTIydHh0LXNlcCUyMiUzRURJUkVDVElPTiUzQyUyRnNwYW4lM0UlM0MlMkZkaXYlM0U=[\/vc_raw_html][\/vc_column][\/vc_row][vc_row][vc_column width=&#8221;1\/2&#8243;][mk_gallery images=&#8221;5845&#8243; custom_links=&#8221;https:\/\/artistglobalmanagement.com\/en\/portfolio-posts\/antonioaleixo_film_maker\/&#8221; column=&#8221;1&#8243; image_size=&#8221;full&#8221; item_spacing=&#8221;6&#8243; frame_style=&#8221;grid&#8221; disable_title=&#8221;true&#8221; orderby=&#8221;post__in&#8221;][\/vc_column][vc_column width=&#8221;1\/2&#8243; offset=&#8221;vc_hidden-xs&#8221;][vc_empty_space height=&#8221;240px&#8221;][vc_column_text css=&#8221;.vc_custom_1574613987813{margin-bottom: 0px !important;}&#8221;]<em>If Ant\u00f3nio Aleixo could be summed up in just one word, it would be &#8220;convictions.&#8221; (&#8230;)<\/em>[\/vc_column_text][\/vc_column][\/vc_row][vc_row][vc_column width=&#8221;1\/2&#8243;][\/vc_column][vc_column width=&#8221;1\/2&#8243; offset=&#8221;vc_hidden-lg vc_hidden-md vc_hidden-sm&#8221;][vc_column_text css=&#8221;.vc_custom_1589387819121{margin-bottom: 0px !important;}&#8221;]<em>If Ant\u00f3nio Aleixo could be summed up in just one word, it would be &#8220;convictions.&#8221; (&#8230;)<\/em>[\/vc_column_text][\/vc_column][\/vc_row][vc_row][vc_column width=&#8221;1\/2&#8243;][mk_gallery images=&#8221;1570&#8243; custom_links=&#8221;https:\/\/artistglobalmanagement.com\/en\/portfolio-posts\/dautogalli\/&#8221; column=&#8221;1&#8243; image_size=&#8221;full&#8221; item_spacing=&#8221;6&#8243; frame_style=&#8221;grid&#8221; disable_title=&#8221;true&#8221; orderby=&#8221;post__in&#8221;][\/vc_column][vc_column width=&#8221;1\/2&#8243; offset=&#8221;vc_hidden-xs&#8221;][vc_empty_space height=&#8221;220px&#8221;][vc_column_text css=&#8221;.vc_custom_1574613997201{margin-bottom: 0px !important;}&#8221;]\n<p style=\"font-weight: 400;\"><em>Attended the School of Cinema EICAR (\u201c\u00c9cole Internationale de Cr\u00e9ation Audiovisuelle et de R\u00e9alisation\u201d) in Paris (\u2026)<\/em><\/p>\n[\/vc_column_text][\/vc_column][\/vc_row][vc_row][vc_column width=&#8221;1\/2&#8243;][\/vc_column][vc_column width=&#8221;1\/2&#8243; offset=&#8221;vc_hidden-lg vc_hidden-md vc_hidden-sm&#8221;][vc_column_text css=&#8221;.vc_custom_1589387835744{margin-bottom: 0px !important;}&#8221;]\n<p style=\"font-weight: 400;\"><em>Attended the School of Cinema EICAR (\u201c\u00c9cole Internationale de Cr\u00e9ation Audiovisuelle et de R\u00e9alisation\u201d) in Paris (\u2026)<\/em><\/p>\n[\/vc_column_text][\/vc_column][\/vc_row][vc_row][vc_column width=&#8221;1\/2&#8243;][mk_gallery images=&#8221;2042&#8243; custom_links=&#8221;https:\/\/artistglobalmanagement.com\/en\/portfolio-posts\/joaonunes_director\/&#8221; column=&#8221;1&#8243; image_size=&#8221;full&#8221; item_spacing=&#8221;6&#8243; frame_style=&#8221;grid&#8221; disable_title=&#8221;true&#8221; orderby=&#8221;post__in&#8221;][\/vc_column][vc_column width=&#8221;1\/2&#8243; offset=&#8221;vc_hidden-xs&#8221;][vc_empty_space height=&#8221;220px&#8221;][vc_column_text css=&#8221;.vc_custom_1574614007819{margin-bottom: 0px !important;}&#8221;]\n<p style=\"font-weight: 400;\"><em>(&#8230;) avoided any written work by turning them all into short films, edited with two VHS tape machines. (&#8230;)<\/em><\/p>\n[\/vc_column_text][\/vc_column][\/vc_row][vc_row][vc_column width=&#8221;1\/2&#8243;][\/vc_column][vc_column width=&#8221;1\/2&#8243; offset=&#8221;vc_hidden-lg vc_hidden-md vc_hidden-sm&#8221;][vc_column_text css=&#8221;.vc_custom_1589387858007{margin-bottom: 0px !important;}&#8221;]\n<p style=\"font-weight: 400;\"><em>(&#8230;) avoided any written work by turning them all into short films, edited with two VHS tape machines. (&#8230;)<\/em><\/p>\n[\/vc_column_text][\/vc_column][\/vc_row][vc_row][vc_column width=&#8221;1\/2&#8243;][mk_gallery images=&#8221;5846&#8243; custom_links=&#8221;https:\/\/artistglobalmanagement.com\/en\/portfolio-posts\/leonor-alexandrino-film\/&#8221; column=&#8221;1&#8243; image_size=&#8221;full&#8221; item_spacing=&#8221;6&#8243; frame_style=&#8221;grid&#8221; disable_title=&#8221;true&#8221; orderby=&#8221;post__in&#8221;][\/vc_column][vc_column width=&#8221;1\/2&#8243; offset=&#8221;vc_hidden-xs&#8221;][vc_empty_space height=&#8221;220px&#8221;][vc_column_text css=&#8221;.vc_custom_1589387866879{margin-bottom: 0px !important;}&#8221;]<em>Leonor grew up in the middle of photography, exhibitions, concerts and museums. (&#8230;)<\/em>[\/vc_column_text][\/vc_column][\/vc_row][vc_row][vc_column width=&#8221;1\/2&#8243;][\/vc_column][vc_column width=&#8221;1\/2&#8243; offset=&#8221;vc_hidden-lg vc_hidden-md vc_hidden-sm&#8221;][vc_column_text css=&#8221;.vc_custom_1589387874744{margin-bottom: 0px !important;}&#8221;]\n<p style=\"font-weight: 400;\"><em>Leonor grew up in the middle of photography, exhibitions, concerts and museums. (&#8230;)<\/em><\/p>\n[\/vc_column_text][\/vc_column][\/vc_row][vc_row][vc_column width=&#8221;1\/2&#8243;][mk_gallery images=&#8221;1608&#8243; custom_links=&#8221;https:\/\/artistglobalmanagement.com\/en\/portfolio-posts\/mariomelocosta_director\/&#8221; column=&#8221;1&#8243; image_size=&#8221;large&#8221; item_spacing=&#8221;6&#8243; frame_style=&#8221;grid&#8221; disable_title=&#8221;true&#8221; orderby=&#8221;post__in&#8221;][\/vc_column][vc_column width=&#8221;1\/2&#8243; offset=&#8221;vc_hidden-xs&#8221;][vc_empty_space height=&#8221;220px&#8221;][vc_column_text css=&#8221;.vc_custom_1574615660034{margin-bottom: 0px !important;}&#8221;]\n<p style=\"font-weight: 400;\"><em>Studied carving at Fine Arts College, in Portugal, and at the Belle Arti Academy di Venezia (\u2026)<\/em><\/p>\n[\/vc_column_text][\/vc_column][\/vc_row][vc_row][vc_column width=&#8221;1\/2&#8243;][\/vc_column][vc_column width=&#8221;1\/2&#8243; offset=&#8221;vc_hidden-lg vc_hidden-md vc_hidden-sm&#8221;][vc_column_text css=&#8221;.vc_custom_1589387894749{margin-bottom: 0px !important;}&#8221;]\n<p style=\"font-weight: 400;\"><em>Studied carving at Fine Arts College, in Portugal, and at the Belle Arti Academy di Venezia (\u2026)<\/em><\/p>\n[\/vc_column_text][\/vc_column][\/vc_row][vc_row][vc_column width=&#8221;1\/2&#8243;][mk_gallery images=&#8221;1394&#8243; custom_links=&#8221;https:\/\/artistglobalmanagement.com\/en\/portfolio-posts\/ritafazendeiro\/&#8221; column=&#8221;1&#8243; image_size=&#8221;full&#8221; item_spacing=&#8221;6&#8243; frame_style=&#8221;grid&#8221; disable_title=&#8221;true&#8221; orderby=&#8221;post__in&#8221;][\/vc_column][vc_column width=&#8221;1\/2&#8243; offset=&#8221;vc_hidden-xs&#8221;][vc_empty_space height=&#8221;220px&#8221;][vc_column_text css=&#8221;.vc_custom_1574614040448{margin-bottom: 0px !important;}&#8221;]\n<p style=\"font-weight: 400;\"><em>(&#8230;) she began her academic career at the Fine Arts Academy, in Lisbon. She moved to NYC in 2010, where she studied Cinema at the New York Film Academy. (\u2026)<\/em><\/p>\n[\/vc_column_text][\/vc_column][\/vc_row][vc_row][vc_column width=&#8221;1\/2&#8243;][\/vc_column][vc_column width=&#8221;1\/2&#8243; offset=&#8221;vc_hidden-lg vc_hidden-md vc_hidden-sm&#8221;][vc_column_text css=&#8221;.vc_custom_1589387914466{margin-bottom: 0px !important;}&#8221;]\n<p style=\"font-weight: 400;\"><em>(&#8230;) she began her academic career at the Fine Arts Academy, in Lisbon. She moved to NYC in 2010, where she studied Cinema at the New York Film Academy. (\u2026)<\/em><\/p>\n[\/vc_column_text][\/vc_column][\/vc_row][vc_row][vc_column width=&#8221;1\/2&#8243;][mk_gallery images=&#8221;1501&#8243; custom_links=&#8221;https:\/\/artistglobalmanagement.com\/en\/portfolio-posts\/rodrigotavares_director&#8221; column=&#8221;1&#8243; image_size=&#8221;full&#8221; item_spacing=&#8221;6&#8243; frame_style=&#8221;grid&#8221; disable_title=&#8221;true&#8221; orderby=&#8221;post__in&#8221;][\/vc_column][vc_column width=&#8221;1\/2&#8243; offset=&#8221;vc_hidden-xs&#8221;][vc_empty_space height=&#8221;220px&#8221;][vc_column_text css=&#8221;.vc_custom_1574615637180{margin-bottom: 0px !important;}&#8221;]\n<p style=\"font-weight: 400;\"><em><span style=\"font-weight: 400;\">Graduated in Social Communication from FAAP, with a bachelor degree in Advertising, he began his career as a creative in advertising agencies (\u2026)<\/span><\/em><\/p>\n[\/vc_column_text][\/vc_column][\/vc_row][vc_row][vc_column width=&#8221;1\/2&#8243;][\/vc_column][vc_column width=&#8221;1\/2&#8243; offset=&#8221;vc_hidden-lg vc_hidden-md vc_hidden-sm&#8221;][vc_column_text css=&#8221;.vc_custom_1589387933615{margin-bottom: 0px !important;}&#8221;]\n<p style=\"font-weight: 400;\"><em><span style=\"font-weight: 400;\">Graduated in Social Communication from FAAP, with a bachelor degree in Advertising, he began his career as a creative in advertising agencies (\u2026)<\/span><\/em><\/p>\n[\/vc_column_text][\/vc_column][\/vc_row]\n<\/div>","protected":false},"excerpt":{"rendered":"<p>[vc_row fullwidth=&#8221;true&#8221;][vc_column][\/vc_column][\/vc_row][vc_row css=&#8221;.vc_custom_1521557070318{margin-top: 80px !important;margin-bottom: 10px !important;}&#8221;][vc_column][vc_raw_html]JTNDZGl2JTNFJTNDc3BhbiUyMGNsYXNzJTNEJTIybGluZS1zZXAlMjIlM0UlM0MlMkZzcGFuJTNFJTNDc3BhbiUyMGNsYXNzJTNEJTIydHh0LXNlcCUyMiUzRURJUkVDVElPTiUzQyUyRnNwYW4lM0UlM0MlMkZkaXYlM0U=[\/vc_raw_html][\/vc_column][\/vc_row][vc_row][vc_column width=&#8221;1\/2&#8243;][mk_gallery images=&#8221;5845&#8243; custom_links=&#8221;https:\/\/artistglobalmanagement.com\/en\/portfolio-posts\/antonioaleixo_film_maker\/&#8221; column=&#8221;1&#8243; image_size=&#8221;full&#8221; item_spacing=&#8221;6&#8243; frame_style=&#8221;grid&#8221; disable_title=&#8221;true&#8221; orderby=&#8221;post__in&#8221;][\/vc_column][vc_column width=&#8221;1\/2&#8243; offset=&#8221;vc_hidden-xs&#8221;][vc_empty_space height=&#8221;240px&#8221;][vc_column_text css=&#8221;.vc_custom_1574613987813{margin-bottom: 0px !important;}&#8221;]If Ant\u00f3nio Aleixo could be summed up in just one word, it would be &#8220;convictions.&#8221; (&#8230;)[\/vc_column_text][\/vc_column][\/vc_row][vc_row][vc_column width=&#8221;1\/2&#8243;][\/vc_column][vc_column width=&#8221;1\/2&#8243; offset=&#8221;vc_hidden-lg vc_hidden-md vc_hidden-sm&#8221;][vc_column_text css=&#8221;.vc_custom_1589387819121{margin-bottom: 0px !important;}&#8221;]If Ant\u00f3nio Aleixo could be summed up in just one word, [&hellip;]<\/p>\n","protected":false},"author":1,"featured_media":6650,"parent":0,"menu_order":0,"comment_status":"closed","ping_status":"closed","template":"","meta":{"rs_blank_template":"","rs_page_bg_color":"","slide_template_v7":"","wpupg_custom_link":[],"wpupg_custom_link_behaviour":[],"wpupg_custom_image":[],"wpupg_custom_image_id":[],"footnotes":""},"class_list":["post-6243","page","type-page","status-publish","has-post-thumbnail","hentry"],"acf":[],"aioseo_notices":[],"_links":{"self":[{"href":"https:\/\/artistglobalmanagement.com\/en\/wp-json\/wp\/v2\/pages\/6243","targetHints":{"allow":["GET"]}}],"collection":[{"href":"https:\/\/artistglobalmanagement.com\/en\/wp-json\/wp\/v2\/pages"}],"about":[{"href":"https:\/\/artistglobalmanagement.com\/en\/wp-json\/wp\/v2\/types\/page"}],"author":[{"embeddable":true,"href":"https:\/\/artistglobalmanagement.com\/en\/wp-json\/wp\/v2\/users\/1"}],"replies":[{"embeddable":true,"href":"https:\/\/artistglobalmanagement.com\/en\/wp-json\/wp\/v2\/comments?post=6243"}],"version-history":[{"count":12,"href":"https:\/\/artistglobalmanagement.com\/en\/wp-json\/wp\/v2\/pages\/6243\/revisions"}],"predecessor-version":[{"id":6949,"href":"https:\/\/artistglobalmanagement.com\/en\/wp-json\/wp\/v2\/pages\/6243\/revisions\/6949"}],"wp:featuredmedia":[{"embeddable":true,"href":"https:\/\/artistglobalmanagement.com\/en\/wp-json\/wp\/v2\/media\/6650"}],"wp:attachment":[{"href":"https:\/\/artistglobalmanagement.com\/en\/wp-json\/wp\/v2\/media?parent=6243"}],"curies":[{"name":"wp","href":"https:\/\/api.w.org\/{rel}","templated":true}]}}